{"id":1729,"date":"2021-11-07T17:33:16","date_gmt":"2021-11-07T23:33:16","guid":{"rendered":"http:\/\/ceapcbtis148.com.mx\/?page_id=1729"},"modified":"2021-11-11T15:29:15","modified_gmt":"2021-11-11T21:29:15","slug":"diapositiva-informativa-3","status":"publish","type":"page","link":"http:\/\/ceapcbtis148.com.mx\/?page_id=1729","title":{"rendered":"Diapositiva Informativa 3"},"content":{"rendered":"\n<p>Diapositiva informativa 3 de 3. Sobre trabajos realizados por el CEAP<\/p>\n\n\n\n<style type=\"text\/css\">\n<!--\n.excel1 {\npadding:0px;\ncolor:black;\nfont-size:11.0pt;\nfont-weight:400;\nfont-style:normal;\ntext-decoration:none;\nfont-family:Arial;\ntext-align:general;\nvertical-align:bottom;\nborder:none;\nwhite-space:nowrap;\n}\n.excel4 {\npadding:0px;\ncolor:black;\nfont-size:20.0pt;\nfont-weight:700;\nfont-style:normal;\ntext-decoration:none;\nfont-family:Arial, sans-serif;\ntext-align:center;\nvertical-align:bottom;\nborder:none;\nwhite-space:nowrap;\nbackground:yellow;\n}\n.excel5 {\npadding:0px;\ncolor:black;\nfont-size:14.0pt;\nfont-weight:400;\nfont-style:normal;\ntext-decoration:none;\nfont-family:Arial, sans-serif;\ntext-align:center;\nvertical-align:bottom;\nborder:none;\nwhite-space:nowrap;\nbackground:#BFBFBF;\n}\n.excel6 {\npadding:0px;\ncolor:black;\nfont-size:12.0pt;\nfont-weight:700;\nfont-style:normal;\ntext-decoration:none;\nfont-family:Arial, sans-serif;\ntext-align:center;\nvertical-align:bottom;\nborder:none;\nwhite-space:nowrap;\n}\n.excel7 {\npadding:0px;\ncolor:black;\nfont-size:11.0pt;\nfont-weight:400;\nfont-style:normal;\ntext-decoration:none;\nfont-family:Arial;\ntext-align:general;\nvertical-align:bottom;\nborder:none;\nwhite-space:nowrap;\nbackground:white;\n}\n.excel8 {\npadding:0px;\ncolor:black;\nfont-size:11.0pt;\nfont-weight:700;\nfont-style:normal;\ntext-decoration:none;\nfont-family:Arial, sans-serif;\ntext-align:center;\nvertical-align:bottom;\nborder:.5pt solid windowtext;\nwhite-space:nowrap;\nbackground:white;\n}\n.excel11 {\npadding:0px;\ncolor:black;\nfont-size:11.0pt;\nfont-weight:700;\nfont-style:normal;\ntext-decoration:none;\nfont-family:Arial, sans-serif;\ntext-align:center;\nvertical-align:bottom;\nborder:.5pt solid windowtext;\nwhite-space:nowrap;\nbackground:white;\n}\n.excel12 {\npadding:0px;\ncolor:black;\nfont-size:11.0pt;\nfont-weight:700;\nfont-style:normal;\ntext-decoration:none;\nfont-family:Arial, sans-serif;\ntext-align:center;\nvertical-align:bottom;\nborder:.5pt solid windowtext;\nwhite-space:nowrap;\nbackground:white;\n}\n.excel2 {\npadding:0px;\ncolor:black;\nfont-size:11.0pt;\nfont-weight:400;\nfont-style:normal;\ntext-decoration:none;\nfont-family:Arial;\ntext-align:general;\nvertical-align:bottom;\nborder:.5pt solid windowtext;\nwhite-space:nowrap;\n}\n.excel10 {\npadding:0px;\ncolor:black;\nfont-size:11.0pt;\nfont-weight:700;\nfont-style:normal;\ntext-decoration:none;\nfont-family:Arial, sans-serif;\ntext-align:center;\nvertical-align:bottom;\nborder:.5pt solid windowtext;\nwhite-space:nowrap;\nbackground:#C4D79B;\n}\n.excel13 {\npadding:0px;\ncolor:black;\nfont-size:11.0pt;\nfont-weight:400;\nfont-style:normal;\ntext-decoration:none;\nfont-family:Arial, sans-serif;\ntext-align:center;\nvertical-align:middle;\nborder:.5pt solid windowtext;\nwhite-space:nowrap;\n}\n.excel14 {\npadding:0px;\ncolor:black;\nfont-size:11.0pt;\nfont-weight:400;\nfont-style:normal;\ntext-decoration:none;\nfont-family:Arial, sans-serif;\ntext-align:center;\nvertical-align:middle;\nborder:.5pt solid windowtext;\nwhite-space:nowrap;\n}\n.excel9 {\npadding:0px;\ncolor:black;\nfont-size:11.0pt;\nfont-weight:400;\nfont-style:normal;\ntext-decoration:none;\nfont-family:Arial, sans-serif;\ntext-align:center;\nvertical-align:middle;\nborder:.5pt solid windowtext;\nwhite-space:nowrap;\n}\n.excel18 {\npadding:0px;\ncolor:black;\nfont-size:11.0pt;\nfont-weight:400;\nfont-style:normal;\ntext-decoration:none;\nfont-family:Arial, sans-serif;\ntext-align:center;\nvertical-align:middle;\nborder:.5pt solid windowtext;\nwhite-space:normal;\n}\n.excel15 {\npadding:0px;\ncolor:black;\nfont-size:11.0pt;\nfont-weight:400;\nfont-style:normal;\ntext-decoration:none;\nfont-family:Arial, sans-serif;\ntext-align:center;\nvertical-align:middle;\nborder:.5pt solid windowtext;\nwhite-space:nowrap;\nbackground:#EBF1DE;\n}\n.excel16 {\npadding:0px;\ncolor:black;\nfont-size:11.0pt;\nfont-weight:400;\nfont-style:normal;\ntext-decoration:none;\nfont-family:Arial, sans-serif;\ntext-align:center;\nvertical-align:middle;\nborder:.5pt solid windowtext;\nwhite-space:nowrap;\nbackground:#EBF1DE;\n}\n.excel17 {\npadding:0px;\ncolor:black;\nfont-size:11.0pt;\nfont-weight:400;\nfont-style:normal;\ntext-decoration:none;\nfont-family:Arial, sans-serif;\ntext-align:center;\nvertical-align:middle;\nborder:.5pt solid windowtext;\nwhite-space:nowrap;\nbackground:#EBF1DE;\n}\n.excel19 {\npadding:0px;\ncolor:black;\nfont-size:11.0pt;\nfont-weight:400;\nfont-style:normal;\ntext-decoration:none;\nfont-family:Arial, sans-serif;\ntext-align:center;\nvertical-align:middle;\nborder:.5pt solid windowtext;\nwhite-space:normal;\nbackground:#EBF1DE;\n}\n.excel20 {\npadding:0px;\ncolor:black;\nfont-size:11.0pt;\nfont-weight:400;\nfont-style:normal;\ntext-decoration:none;\nfont-family:Arial, sans-serif;\ntext-align:center;\nvertical-align:middle;\nborder:none;\nwhite-space:normal;\nborder-top:.5pt solid windowtext;\nborder-right:none;\nborder-bottom:.5pt solid windowtext;\nborder-left:.5pt solid windowtext;\nbackground:#EBF1DE;\n}\n.excel22 {\npadding:0px;\ncolor:black;\nfont-size:11.0pt;\nfont-weight:400;\nfont-style:normal;\ntext-decoration:none;\nfont-family:Arial, sans-serif;\ntext-align:center;\nvertical-align:middle;\nborder:none;\nwhite-space:nowrap;\nborder-top:.5pt solid windowtext;\nborder-right:none;\nborder-bottom:.5pt solid windowtext;\nborder-left:.5pt solid windowtext;\n}\n.excel3 {\npadding:0px;\ncolor:black;\nfont-size:11.0pt;\nfont-weight:400;\nfont-style:normal;\ntext-decoration:none;\nfont-family:Arial;\ntext-align:center;\nvertical-align:bottom;\nborder:none;\nwhite-space:nowrap;\n}\n-->\n<\/style>\n<\/head>\n\n<body>\n<table cellspacing=\"0\" cellpadding=\"0\" class=\"excel1\">\n  <col width=\"76\" style=\"width:57pt;\" \/>\n  <col width=\"103\" style=\"width:77pt;\" \/>\n  <col width=\"141\" style=\"width:106pt;\" \/>\n  <col width=\"157\" style=\"width:118pt;\" \/>\n  <col width=\"128\" style=\"width:96pt;\" \/>\n  <col width=\"114\" style=\"width:86pt;\" \/>\n  <col width=\"139\" style=\"width:104pt;\" \/>\n  <tr style=\"height:26.25pt;\">\n    <td colspan=\"7\" class=\"excel4\" width=\"858\" style=\"height:26.25pt;width:644pt;\">INFORME DE EGRESOS<\/td>\n  <\/tr>\n  <tr style=\"height:18.0pt;\">\n    <td colspan=\"7\" class=\"excel5\" style=\"height:18.0pt;\">PERIODO DEL 1    DE\u00a0 ENERO 2020 AL 31 DE OCTUBRE DEL    2021<\/td>\n  <\/tr>\n  <tr style=\"height:15.75pt;\">\n    <td colspan=\"7\" class=\"excel6\" style=\"height:15.75pt;\">22 MESES DE PROCESO<\/td>\n  <\/tr>\n  <tr style=\"height:14.25pt;\">\n    <td class=\"excel7\" style=\"height:14.25pt;\">&nbsp;<\/td>\n    <td class=\"excel7\">&nbsp;<\/td>\n    <td class=\"excel7\">&nbsp;<\/td>\n    <td class=\"excel7\">&nbsp;<\/td>\n    <td class=\"excel7\">&nbsp;<\/td>\n    <td><\/td>\n    <td><\/td>\n  <\/tr>\n  <tr style=\"height:15.0pt;\">\n    <td class=\"excel8\" style=\"height:15.0pt;\">&nbsp;<\/td>\n    <td class=\"excel11\" style=\"border-left:none;\">100.00%<\/td>\n    <td class=\"excel12\" style=\"border-left:none;\">1,535,616.44<\/td>\n    <td class=\"excel8\" style=\"border-left:none;\">&nbsp;<\/td>\n    <td class=\"excel2\" style=\"border-left:none;\">&nbsp;<\/td>\n    <td class=\"excel8\" style=\"border-left:none;\">&nbsp;<\/td>\n    <td class=\"excel2\" style=\"border-left:none;\">&nbsp;<\/td>\n  <\/tr>\n  <tr style=\"height:15.0pt;\">\n    <td class=\"excel10\" style=\"height:15.0pt;border-top:none;\">CVE<\/td>\n    <td class=\"excel10\" style=\"border-top:none;border-left:none;\">PORCENTAJE<\/td>\n    <td class=\"excel10\" style=\"border-top:none;border-left:none;\">IMPORTE<\/td>\n    <td colspan=\"2\" class=\"excel10\" style=\"border-left:none;\">CONCEPTO<\/td>\n    <td colspan=\"2\" class=\"excel10\" style=\"border-left:none;\">OBSERVACIONES<\/td>\n  <\/tr>\n  <tr style=\"height:28.5pt;\">\n    <td class=\"excel13\" style=\"height:28.5pt;border-top:none;\">12<\/td>\n    <td class=\"excel14\" style=\"border-top:none;border-left:none;\">32.63%<\/td>\n    <td class=\"excel9\" style=\"border-top:none;border-left:none;\">501,000.00<\/td>\n    <td colspan=\"2\" class=\"excel18\" width=\"285\" style=\"border-left:none;width:214pt;\">Compra    de computadoras<\/td>\n    <td colspan=\"2\" class=\"excel13\" style=\"border-left:none;\">Se requiere informe de    resultados<\/td>\n  <\/tr>\n  <tr style=\"height:85.5pt;\">\n    <td class=\"excel15\" style=\"height:85.5pt;border-top:none;\">2<\/td>\n    <td class=\"excel16\" style=\"border-top:none;border-left:none;\">23.72%<\/td>\n    <td class=\"excel17\" style=\"border-top:none;border-left:none;\">364,208.69<\/td>\n    <td colspan=\"2\" class=\"excel19\" width=\"285\" style=\"border-left:none;width:214pt;\">Mantenimiento    y acondicionamiento\u00a0 en instalacioens    de edificios; asi como en equipo de servicios generales<\/td>\n    <td colspan=\"2\" class=\"excel19\" width=\"253\" style=\"border-left:none;width:190pt;\">Area    de alba\u00f1ileria, construcci\u00f3n, Electricidad, hidraulica<\/td>\n  <\/tr>\n  <tr style=\"height:20.25pt;\">\n    <td class=\"excel13\" style=\"height:20.25pt;border-top:none;\">7<\/td>\n    <td class=\"excel14\" style=\"border-top:none;border-left:none;\">10.41%<\/td>\n    <td class=\"excel9\" style=\"border-top:none;border-left:none;\">159,850.88<\/td>\n    <td colspan=\"2\" class=\"excel18\" width=\"285\" style=\"border-left:none;width:214pt;\">Vigilancia    Nocturna<\/td>\n    <td colspan=\"2\" class=\"excel18\" width=\"253\" style=\"border-left:none;width:190pt;\">Tesorero    tomo la decisi\u00f3n de eliminar los guardias, debido a que el CBTis 148 cuentas    con personal para esta funci\u00f3n, el ahorro que esta decisi\u00f3n implica que dando    en forma temporal los guardias nocturno\u00a0\u00a0\u00a0\u00a0\u00a0\u00a0\u00a0\u00a0\u00a0\u00a0\u00a0\u00a0\u00a0\u00a0\u00a0\u00a0\u00a0\u00a0\u00a0\u00a0\u00a0\u00a0\u00a0\u00a0\u00a0\u00a0\u00a0\u00a0\u00a0\u00a0\u00a0\u00a0 Febrero 2020    a Julio 2021, 18 meses :266,400\u00a0 Agosto    a Octubre 2021, se eliminaron los guardias nocturnos $ 27,600 .\u00a0\u00a0\u00a0\u00a0\u00a0\u00a0\u00a0\u00a0\u00a0\u00a0\u00a0\u00a0\u00a0\u00a0\u00a0\u00a0\u00a0\u00a0\u00a0\u00a0\u00a0\u00a0\u00a0\u00a0\u00a0\u00a0\u00a0\u00a0 El total de ahorro    fue de $ 294,000<\/td>\n  <\/tr>\n  <tr style=\"height:71.25pt;\">\n    <td class=\"excel15\" style=\"height:71.25pt;border-top:none;\">15<\/td>\n    <td class=\"excel16\" style=\"border-top:none;border-left:none;\">6.00%<\/td>\n    <td class=\"excel17\" style=\"border-top:none;border-left:none;\">92,160.67<\/td>\n    <td colspan=\"2\" class=\"excel20\" width=\"285\" style=\"border-right:.5pt solid black;border-left:none;width:214pt;\">Servicios de mantenimiento y acondicionamiento    en computaci\u00f3n y comuncaci\u00f3n<\/td>\n    <td colspan=\"2\" class=\"excel15\" style=\"border-left:none;\">Se requiere informe de    resultados<\/td>\n  <\/tr>\n  <tr style=\"height:37.5pt;\">\n    <td class=\"excel13\" style=\"height:37.5pt;border-top:none;\">1<\/td>\n    <td class=\"excel14\" style=\"border-top:none;border-left:none;\">4.62%<\/td>\n    <td class=\"excel9\" style=\"border-top:none;border-left:none;\">71,003.50<\/td>\n    <td colspan=\"2\" class=\"excel22\" style=\"border-right:.5pt solid black;border-left:none;\">Telefonia e internet<\/td>\n    <td colspan=\"2\" class=\"excel18\" width=\"253\" style=\"border-left:none;width:190pt;\">Se    requiere un informe\u00a0 y resultados    obtenidos<\/td>\n  <\/tr>\n  <tr style=\"height:63.0pt;\">\n    <td class=\"excel15\" style=\"height:63.0pt;border-top:none;\">8<\/td>\n    <td class=\"excel16\" style=\"border-top:none;border-left:none;\">4.62%<\/td>\n    <td class=\"excel17\" style=\"border-top:none;border-left:none;\">70,931.15<\/td>\n    <td colspan=\"2\" class=\"excel19\" width=\"285\" style=\"border-left:none;width:214pt;\">Papeleria    y material de impresi\u00f3n<\/td>\n    <td colspan=\"2\" class=\"excel19\" width=\"253\" style=\"border-left:none;width:190pt;\">Se    requiere los vales de consumo en forma individual; ademas de no hacer compras    para tener en almacen<\/td>\n  <\/tr>\n  <tr style=\"height:57.0pt;\">\n    <td class=\"excel13\" style=\"height:57.0pt;border-top:none;\">9<\/td>\n    <td class=\"excel14\" style=\"border-top:none;border-left:none;\">3.61%<\/td>\n    <td class=\"excel9\" style=\"border-top:none;border-left:none;\">55,387.00<\/td>\n    <td colspan=\"2\" class=\"excel18\" width=\"285\" style=\"border-left:none;width:214pt;\">Aplicaci\u00f3n    de examenes academicos nacionales<\/td>\n    <td colspan=\"2\" class=\"excel13\" style=\"border-left:none;\">Se requiere informe de    resultados<\/td>\n  <\/tr>\n  <tr style=\"height:28.5pt;\">\n    <td class=\"excel15\" style=\"height:28.5pt;border-top:none;\">6<\/td>\n    <td class=\"excel16\" style=\"border-top:none;border-left:none;\">3.24%<\/td>\n    <td class=\"excel17\" style=\"border-top:none;border-left:none;\">49,821.21<\/td>\n    <td colspan=\"2\" class=\"excel19\" width=\"285\" style=\"border-left:none;width:214pt;\">Eventos    academicos y deportivos de alumnos<\/td>\n    <td colspan=\"2\" class=\"excel15\" style=\"border-left:none;\">Se requiere un informe de    resultados<\/td>\n  <\/tr>\n  <tr style=\"height:60.75pt;\">\n    <td class=\"excel13\" style=\"height:60.75pt;border-top:none;\">3<\/td>\n    <td class=\"excel14\" style=\"border-top:none;border-left:none;\">2.92%<\/td>\n    <td class=\"excel9\" style=\"border-top:none;border-left:none;\">44,914.73<\/td>\n    <td colspan=\"2\" class=\"excel18\" width=\"285\" style=\"border-left:none;width:214pt;\">Viaticos<\/td>\n    <td colspan=\"2\" class=\"excel18\" width=\"253\" style=\"border-left:none;width:190pt;\">Se    requiere un analisis de resultados; asi como estrategias de ahorro.<\/td>\n  <\/tr>\n  <tr style=\"height:20.25pt;\">\n    <td class=\"excel15\" style=\"height:20.25pt;border-top:none;\">14<\/td>\n    <td class=\"excel16\" style=\"border-top:none;border-left:none;\">2.76%<\/td>\n    <td class=\"excel17\" style=\"border-top:none;border-left:none;\">42,458.50<\/td>\n    <td colspan=\"2\" class=\"excel19\" width=\"285\" style=\"border-left:none;width:214pt;\">Seguro    escolar<\/td>\n    <td colspan=\"2\" class=\"excel15\" style=\"border-left:none;\">Se requiere informe de    resultados<\/td>\n  <\/tr>\n  <tr style=\"height:71.25pt;\">\n    <td class=\"excel13\" style=\"height:71.25pt;border-top:none;\">16<\/td>\n    <td class=\"excel14\" style=\"border-top:none;border-left:none;\">2.53%<\/td>\n    <td class=\"excel9\" style=\"border-top:none;border-left:none;\">38,849.28<\/td>\n    <td colspan=\"2\" class=\"excel18\" width=\"285\" style=\"border-left:none;width:214pt;\">Material    de limpieza y sanidad<\/td>\n    <td colspan=\"2\" class=\"excel18\" width=\"253\" style=\"border-left:none;width:190pt;\">Se    requieren vales de consumo y estrategias de ahorro<\/td>\n  <\/tr>\n  <tr style=\"height:42.75pt;\">\n    <td class=\"excel15\" style=\"height:42.75pt;border-top:none;\">13<\/td>\n    <td class=\"excel16\" style=\"border-top:none;border-left:none;\">1.44%<\/td>\n    <td class=\"excel17\" style=\"border-top:none;border-left:none;\">22,069.00<\/td>\n    <td colspan=\"2\" class=\"excel19\" width=\"285\" style=\"border-left:none;width:214pt;\">Capacitaci\u00f3n    academica Alumnos Docentes<\/td>\n    <td colspan=\"2\" class=\"excel15\" style=\"border-left:none;\">Se requiere informe de    resultados<\/td>\n  <\/tr>\n  <tr style=\"height:36.75pt;\">\n    <td class=\"excel13\" style=\"height:36.75pt;border-top:none;\">4<\/td>\n    <td class=\"excel14\" style=\"border-top:none;border-left:none;\">0.61%<\/td>\n    <td class=\"excel9\" style=\"border-top:none;border-left:none;\">9,423.14<\/td>\n    <td colspan=\"2\" class=\"excel18\" width=\"285\" style=\"border-left:none;width:214pt;\">Agua    Potable<\/td>\n    <td colspan=\"2\" class=\"excel18\" width=\"253\" style=\"border-left:none;width:190pt;\">Se    requiere un informe y analisis de uso<\/td>\n  <\/tr>\n  <tr style=\"height:23.25pt;\">\n    <td class=\"excel15\" style=\"height:23.25pt;border-top:none;\">5<\/td>\n    <td class=\"excel16\" style=\"border-top:none;border-left:none;\">0.45%<\/td>\n    <td class=\"excel17\" style=\"border-top:none;border-left:none;\">6,874.16<\/td>\n    <td colspan=\"2\" class=\"excel19\" width=\"285\" style=\"border-left:none;width:214pt;\">Comisiones    bancarias<\/td>\n    <td colspan=\"2\" class=\"excel15\" style=\"border-left:none;\">Manejo de la cuenta    bancaria<\/td>\n  <\/tr>\n  <tr style=\"height:29.25pt;\">\n    <td class=\"excel13\" style=\"height:29.25pt;border-top:none;\">11<\/td>\n    <td class=\"excel14\" style=\"border-top:none;border-left:none;\">0.25%<\/td>\n    <td class=\"excel9\" style=\"border-top:none;border-left:none;\">3,800.30<\/td>\n    <td colspan=\"2\" class=\"excel18\" width=\"285\" style=\"border-left:none;width:214pt;\">Biblioteca    y libros<\/td>\n    <td colspan=\"2\" class=\"excel13\" style=\"border-left:none;\">Se requiere informe de    resultados<\/td>\n  <\/tr>\n  <tr style=\"height:28.5pt;\">\n    <td class=\"excel15\" style=\"height:28.5pt;border-top:none;\">10<\/td>\n    <td class=\"excel16\" style=\"border-top:none;border-left:none;\">0.08%<\/td>\n    <td class=\"excel17\" style=\"border-top:none;border-left:none;\">1,250.00<\/td>\n    <td colspan=\"2\" class=\"excel19\" width=\"285\" style=\"border-left:none;width:214pt;\">Publicidad    y propaganda<\/td>\n    <td colspan=\"2\" class=\"excel15\" style=\"border-left:none;\">Se requiere informe de    resultados<\/td>\n  <\/tr>\n  <tr style=\"height:71.25pt;\">\n    <td class=\"excel13\" style=\"height:71.25pt;border-top:none;\">18<\/td>\n    <td class=\"excel14\" style=\"border-top:none;border-left:none;\">0.06%<\/td>\n    <td class=\"excel13\" style=\"border-top:none;border-left:none;\">940<\/td>\n    <td colspan=\"2\" class=\"excel18\" width=\"285\" style=\"border-left:none;width:214pt;\">Reintegro    depositos<\/td>\n    <td colspan=\"2\" class=\"excel18\" width=\"253\" style=\"border-left:none;width:190pt;\">Dinero    depositado por padres de familia en demasia<\/td>\n  <\/tr>\n  <tr style=\"height:27.0pt;\">\n    <td class=\"excel15\" style=\"height:27.0pt;border-top:none;\">17<\/td>\n    <td class=\"excel16\" style=\"border-top:none;border-left:none;\">0.04%<\/td>\n    <td class=\"excel15\" style=\"border-top:none;border-left:none;\">674.23<\/td>\n    <td colspan=\"2\" class=\"excel19\" width=\"285\" style=\"border-left:none;width:214pt;\">Mensajeria<\/td>\n    <td colspan=\"2\" class=\"excel15\" style=\"border-left:none;\">Se requiere informe de    resultados<\/td>\n  <\/tr>\n  <tr style=\"height:14.25pt;\">\n    <td class=\"excel3\" style=\"height:14.25pt;\"><\/td>\n    <td><\/td>\n    <td><\/td>\n    <td><\/td>\n    <td><\/td>\n    <td><\/td>\n    <td><\/td>\n  <\/tr>\n<\/table>\n\n\n\n<p>Envianos tus dudas o comentarios dando click <a href=\"https:\/\/forms.gle\/pLQkKMYUnKks77teA\">aqui<\/a><\/p>\n\n\n\n<div class=\"wp-container-1 wp-block-buttons\">\n<div class=\"wp-block-button\"><a class=\"wp-block-button__link\" href=\"http:\/\/ceapcbtis148.com.mx\/?page_id=1725\">Diapositiva 1<\/a><\/div>\n\n\n\n<div class=\"wp-block-button\"><a class=\"wp-block-button__link\" href=\"http:\/\/ceapcbtis148.com.mx\/?page_id=1727\">Diapositiva 2<\/a><\/div>\n\n\n\n<div class=\"wp-block-button\"><a class=\"wp-block-button__link\" href=\"http:\/\/ceapcbtis148.com.mx\/?page_id=1729\">Diapositiva 3<\/a><\/div>\n<\/div>\n","protected":false},"excerpt":{"rendered":"<p>Diapositiva informativa 3 de 3. Sobre trabajos realizados por el CEAP INFORME DE EGRESOS PERIODO DEL 1 DE\u00a0 ENERO 2020<\/p>\n","protected":false},"author":1,"featured_media":0,"parent":0,"menu_order":0,"comment_status":"closed","ping_status":"closed","template":"","meta":[],"_links":{"self":[{"href":"http:\/\/ceapcbtis148.com.mx\/index.php?rest_route=\/wp\/v2\/pages\/1729"}],"collection":[{"href":"http:\/\/ceapcbtis148.com.mx\/index.php?rest_route=\/wp\/v2\/pages"}],"about":[{"href":"http:\/\/ceapcbtis148.com.mx\/index.php?rest_route=\/wp\/v2\/types\/page"}],"author":[{"embeddable":true,"href":"http:\/\/ceapcbtis148.com.mx\/index.php?rest_route=\/wp\/v2\/users\/1"}],"replies":[{"embeddable":true,"href":"http:\/\/ceapcbtis148.com.mx\/index.php?rest_route=%2Fwp%2Fv2%2Fcomments&post=1729"}],"version-history":[{"count":3,"href":"http:\/\/ceapcbtis148.com.mx\/index.php?rest_route=\/wp\/v2\/pages\/1729\/revisions"}],"predecessor-version":[{"id":1747,"href":"http:\/\/ceapcbtis148.com.mx\/index.php?rest_route=\/wp\/v2\/pages\/1729\/revisions\/1747"}],"wp:attachment":[{"href":"http:\/\/ceapcbtis148.com.mx\/index.php?rest_route=%2Fwp%2Fv2%2Fmedia&parent=1729"}],"curies":[{"name":"wp","href":"https:\/\/api.w.org\/{rel}","templated":true}]}}